{"id":959,"date":"2016-04-04T16:13:53","date_gmt":"2016-04-04T15:13:53","guid":{"rendered":"http:\/\/www.cartasjeroglificas.org\/blog\/?page_id=959"},"modified":"2016-06-17T12:27:03","modified_gmt":"2016-06-17T10:27:03","slug":"origen","status":"publish","type":"page","link":"https:\/\/www.cartasjeroglificas.org\/blog\/origen\/","title":{"rendered":"Origen"},"content":{"rendered":"<p>Cartas Jerogl\u00edficas (org) | Opini\u00f3n en Cubierta, es una iniciativa personal, de financiaci\u00f3n propia, libre de publicidad y sin fines de lucro. Ocatrapse es como llaman los amigos a\u00a0Espartaco Smith, una especie de \u00e1lter ego que me facilita la labor de contar cosas.<\/p>\n<p>Desde el a\u00f1o dos mil tres, este sitio me permite hacer lo mismo que, a profundidad de periscopio, permit\u00edan los <em><a href=\"https:\/\/es.wikipedia.org\/wiki\/Snorkel_(submarino)\">snorkels<\/a><\/em>\u00a0hacer a los antiguos submarinos: <em>Tomar aire.<\/em> No tengo la menor idea de porqu\u00e9 el cuerpo me pide poner por escrito las cosas que se me pasan por la cabeza, pero si no lo hago, aun teniendo la certeza estad\u00edstica de que no las lee nadie, me entra un ahogo literal. Expresarme por aqu\u00ed es mi <em>snorkel<\/em>, con la ventaja a\u00f1adida de \u00abs\u00f3lo\u00bb molestar a mi familia y mis amigos en diferido o bajo demanda; especialmente la demanda futura, por si mis hijas quisieran saber alg\u00fan d\u00eda c\u00f3mo pensaba su padre.<\/p>\n<p>Aunque no existe \u00abl\u00ednea editorial\u00bb he tratado de mantener, salvo excepciones, distancia de los temas de actualidad ya que son suficientemente tratados por profesionales. Esto no quiere decir que las notas est\u00e9n exentas de referencias a su fecha de publicaci\u00f3n o dejen de estar inspiradas por hechos vividos. Esto lo digo, s\u00f3lo para invitaros a leer las notas en perspectiva, ya que se han escrito a lo largo de varios a\u00f1os y las cosas cambian. Jam\u00e1s olvidar\u00e9 <a href=\"http:\/\/www.cartasjeroglificas.org\/blog\/2006\/06\/28\/lo-tengo-decidido\/\">la nota<\/a> en la que me equivoqu\u00e9 con cuatro a\u00f1os de antelaci\u00f3n.<\/p>\n<p>Intento, como norma, no pasar de una cuartilla y, <em>como redacto con ruido ambiente y mucha prisa<\/em>, la calidad es toda la que se puede obtener en treinta\u00a0minutos m\u00e1ximo por nota. As\u00ed que aqu\u00ed hay alimento para un corrector de pruebas. Sin embargo, rara vez me salen\u00a0notas breves: aunque s\u00e9 que la atenci\u00f3n es un bien escaso, soy de los que necesitan su espacio.<\/p>\n<p>Cuando comenc\u00e9 no exist\u00edan Facebook, Twiter, ni similares, y en general, los <em>bloguers\u00a0<\/em>se expresaban con la ingenuidad que aportaba una comunicaci\u00f3n con sus lectores que no estaba intermediada o tutelada por nadie. Ese esp\u00edritu es el que he intentado mantener\u00a0a pesar de la vor\u00e1gine.<\/p>\n<p>Finalmente, detr\u00e1s de todo esto est\u00e1 la intenci\u00f3n sincera de compartir libremente el conocimiento dentro de la red, sin m\u00e1s requisitos que el respeto mutuo y rememorar as\u00ed aquellos tiempos fant\u00e1sticos cuando \u00e9ramos \u00abfelices e indocumentados\u2026\u00bb<\/p>\n<p>Muchas gracias por la deferencia de pasaros por aqu\u00ed.<\/p>\n<p>Ocatrapse.<\/p>\n<p>&nbsp;<\/p>\n<p>La explicaci\u00f3n de la elecci\u00f3n del nombre y su intencionalidad est\u00e1 en la segunda nota que pod\u00e9is ver <a href=\"http:\/\/www.cartasjeroglificas.org\/blog\/2003\/09\/24\/cartas-jeroglificas\/\">en el siguiente enlace.<\/a>.<\/p>\n<hr \/>\n<p><a name=\"legal\"><\/a><\/p>\n<p style=\"text-align: center;\"><span style=\"font-family: georgia, palatino, serif;\"><em><span style=\"font-size: 10pt;\"><strong>LETRA PEQUE\u00d1A<\/strong><\/span><\/em><\/span><\/p>\n<p><span style=\"font-family: georgia, palatino, serif;\"><em><span style=\"font-size: 10pt;\">Cartas Jerogl\u00edficas (org) | Opini\u00f3n en Cubierta, es una iniciativa personal, de financiaci\u00f3n propia, libre de publicidad y sin fines de lucro. A efectos legales, cartasjeroglificas.org (y en adelante tambi\u00e9n aplicable indistintamente a ocatrapse.org ) no guarda ninguna informaci\u00f3n con fines distintos a los t\u00e9cnicos y de contabilizaci\u00f3n de visitas, que bajo ninguna circunstancia recolecta informaci\u00f3n personal.\u00a0Las opiniones que se expresan en las notas, (salvo las que figuran en los comentarios que, de hecho, no forman parte de las mismas, y \u00a0que son s\u00f3lo un veh\u00edculo\u00a0de participaci\u00f3n de los lectores de los que no se solicita identificaci\u00f3n) son responsabilidad de la propiedad del dominio cartasjeroglificas.org a la fecha de publicaci\u00f3n de cada nota y desde el 1 de enero de 2003. \u00a0Las im\u00e1genes que se utilizan para ilustrar las notas son tomadas de fuentes de dominio p\u00fablico, salvo que se indique lo contrario, en cuyo caso se cita la fuente siempre que \u00e9sta permita su uso para fines no comerciales y si as\u00ed se exija. El mismo procedimiento se aplica en caso de duda de la titularidad. En aquellos casos en los que, por error, figure una imagen protegida, por favor, p\u00f3ngase en contacto conmigo a trav\u00e9s del formulario de Contacto que figura en p\u00e1gina principal y la retirar\u00e9 de forma inmediata. Todas las notas est\u00e1n publicadas bajo licencia Creative Common con el detalle y alcance incluido al pie de cada nota y en el pie del las p\u00e1ginas que las albergan, para todas ellas\u00a0existen\u00a0derechos reservados correspondientes al propietario\u00a0del dominio cartasjeroglificas.org a la fecha de publicaci\u00f3n de las notas desde el 1 de enero de 2003. Puede establecer comunicaci\u00f3n con el autor\u00a0a trav\u00e9s del formulario de Contacto que figura en la p\u00e1gina principal.<\/span><\/em><\/span><\/p>\n<p><em><strong>Sobre cookies:<\/strong><\/em><br \/>\n<em><span style=\"font-size: 10pt; font-family: georgia, palatino, serif;\">Utilizo Google Analytics para contabilizar los accesos al blog y est\u00e1 configurado para no recolectar ning\u00fan tipo de informaci\u00f3n personal ni est\u00e1 asociado a ning\u00fan otro producto que impliquen mostrarte publicidad. Y aunque no presto ning\u00fan servicio lucrativo en la red, la Ley me obliga a contarte esto:<\/span><\/em><br \/>\n<span style=\"font-family: georgia, palatino, serif;\"><em><span style=\"font-size: 10pt;\"><br \/>\nGoogle Analytics, un servicio anal\u00edtico de web prestado por Google, Inc., una compa\u00f1\u00eda de Delaware cuya oficina principal est\u00e1 en 1600 Amphitheatre Parkway, Mountain View (California), CA 94043, Estados Unidos (\u201cGoogle\u201d). Google Analytics utiliza \u201ccookies\u201d, que son archivos de texto ubicados en su ordenador, para ayudar al website a analizar el uso que hacen los usuarios del sitio web. La informaci\u00f3n que genera la cookie acerca de su uso del website (incluyendo su direcci\u00f3n IP) ser\u00e1 directamente transmitida y archivada por Google en los servidores de Estados Unidos. Google usar\u00e1 esta informaci\u00f3n por cuenta nuestra con el prop\u00f3sito de seguir la pista de su uso del website, recopilando informes de la actividad del website y prestando otros servicios relacionados con la actividad del website y el uso de Internet. Google podr\u00e1 transmitir dicha informaci\u00f3n a terceros cuando as\u00ed se lo requiera la legislaci\u00f3n, o cuando dichos terceros procesen la informaci\u00f3n por cuenta de Google. Google no asociar\u00e1 su direcci\u00f3n IP con ning\u00fan otro dato del que disponga Google. Puede Usted rechazar el tratamiento de los datos o la informaci\u00f3n rechazando el uso de cookies mediante la selecci\u00f3n de la configuraci\u00f3n apropiada de su navegador, sin embargo, debe Usted saber que si lo hace puede ser que no pueda usar la plena funcionabilidad de este website. Al utilizar este website Usted consiente el tratamiento de informaci\u00f3n acerca de Usted por Google en la forma y para los fines arriba indicados.<br \/>\n<\/span><\/em><\/span><\/p>\n","protected":false},"excerpt":{"rendered":"<p>Cartas Jerogl\u00edficas (org) | Opini\u00f3n en Cubierta, es una iniciativa personal, de financiaci\u00f3n propia, libre de publicidad y sin fines de lucro. Ocatrapse es como llaman los amigos a\u00a0Espartaco Smith, una especie de \u00e1lter ego que me facilita la labor &hellip; <a href=\"https:\/\/www.cartasjeroglificas.org\/blog\/origen\/\">Sigue leyendo <span class=\"meta-nav\">&rarr;<\/span><\/a><\/p>\n","protected":false},"author":1,"featured_media":0,"parent":0,"menu_order":0,"comment_status":"closed","ping_status":"closed","template":"","meta":[],"_links":{"self":[{"href":"https:\/\/www.cartasjeroglificas.org\/blog\/wp-json\/wp\/v2\/pages\/959"}],"collection":[{"href":"https:\/\/www.cartasjeroglificas.org\/blog\/wp-json\/wp\/v2\/pages"}],"about":[{"href":"https:\/\/www.cartasjeroglificas.org\/blog\/wp-json\/wp\/v2\/types\/page"}],"author":[{"embeddable":true,"href":"https:\/\/www.cartasjeroglificas.org\/blog\/wp-json\/wp\/v2\/users\/1"}],"replies":[{"embeddable":true,"href":"https:\/\/www.cartasjeroglificas.org\/blog\/wp-json\/wp\/v2\/comments?post=959"}],"version-history":[{"count":0,"href":"https:\/\/www.cartasjeroglificas.org\/blog\/wp-json\/wp\/v2\/pages\/959\/revisions"}],"wp:attachment":[{"href":"https:\/\/www.cartasjeroglificas.org\/blog\/wp-json\/wp\/v2\/media?parent=959"}],"curies":[{"name":"wp","href":"https:\/\/api.w.org\/{rel}","templated":true}]}}